{"id":48,"date":"2017-03-04T09:56:22","date_gmt":"2017-03-04T08:56:22","guid":{"rendered":"http:\/\/ratbar.ch\/?page_id=48"},"modified":"2025-11-13T22:26:32","modified_gmt":"2025-11-13T21:26:32","slug":"rund-um-die-reise","status":"publish","type":"page","link":"https:\/\/ratbar.ch\/?page_id=48","title":{"rendered":"Rund um die Reise nach Bosnien-Herzegowina"},"content":{"rendered":"<p><strong>Ein Einblick: unsere Reiseroute<\/strong><\/p>\n<p><img loading=\"lazy\" decoding=\"async\" class=\"wp-image-221 aligncenter\" src=\"https:\/\/ratbar.ch\/wp-content\/uploads\/2025\/01\/Reiserouteall-1-300x292.jpg\" alt=\"\" width=\"451\" height=\"439\" srcset=\"https:\/\/ratbar.ch\/wp-content\/uploads\/2025\/01\/Reiserouteall-1-300x292.jpg 300w, https:\/\/ratbar.ch\/wp-content\/uploads\/2025\/01\/Reiserouteall-1.jpg 519w\" sizes=\"auto, (max-width: 451px) 100vw, 451px\" \/><\/p>\n<p><strong>Ein \u00dcberblick: Reiseroute und Reisezeiten<\/strong><\/p>\n<table width=\"717\">\n<tbody>\n<tr>\n<td width=\"80\"><strong>Datum<\/strong><\/td>\n<td width=\"168\"><strong>Strecke<\/strong><\/td>\n<td width=\"99\"><strong>\u00dcbernachtung<\/strong><\/td>\n<td style=\"text-align: center;\" width=\"59\"><strong>Distanz <\/strong><strong>(km)<\/strong><\/td>\n<td style=\"text-align: center;\" width=\"63\"><strong>Fahrzeit <\/strong><strong>(h)<\/strong><\/td>\n<\/tr>\n<tr>\n<td width=\"80\">18.05.2026<\/td>\n<td width=\"168\">Z\u00fcrich &#8211; Zagreb<\/td>\n<td width=\"99\">Nachtzug<\/td>\n<td style=\"text-align: center;\" width=\"59\">\u00a0<\/td>\n<td style=\"text-align: center;\" width=\"63\">15.5<\/td>\n<\/tr>\n<tr>\n<td width=\"80\">19.05.2026<\/td>\n<td width=\"168\">Zagreb &#8211; Plitivice<\/td>\n<td width=\"99\">Plitvice<\/td>\n<td style=\"text-align: center;\" width=\"59\">140<\/td>\n<td style=\"text-align: center;\" width=\"63\">2.5<\/td>\n<\/tr>\n<tr>\n<td width=\"80\">20.05.2026<\/td>\n<td width=\"168\">Plitvice &#8211; Biha\u0107<\/td>\n<td width=\"99\">Biha\u0107<\/td>\n<td style=\"text-align: center;\" width=\"59\">40<\/td>\n<td style=\"text-align: center;\" width=\"63\">1<\/td>\n<\/tr>\n<tr>\n<td width=\"80\">21.05.2026<\/td>\n<td width=\"168\">Biha\u0107- Mostar<\/td>\n<td width=\"99\">Mostar<\/td>\n<td style=\"text-align: center;\" width=\"59\">300<\/td>\n<td style=\"text-align: center;\" width=\"63\">6<\/td>\n<\/tr>\n<tr>\n<td width=\"80\">22.05.2026<\/td>\n<td width=\"168\">Mostar<\/td>\n<td width=\"99\">Mostar<\/td>\n<td style=\"text-align: center;\" width=\"59\">\u00a0<\/td>\n<td style=\"text-align: center;\" width=\"63\">1<\/td>\n<\/tr>\n<tr>\n<td width=\"80\">23.05.2026<\/td>\n<td width=\"168\">Mostar &#8211; Hutovo Blato<\/td>\n<td width=\"99\">Hutovo Blato<\/td>\n<td style=\"text-align: center;\" width=\"59\">50<\/td>\n<td style=\"text-align: center;\" width=\"63\">1<\/td>\n<\/tr>\n<tr>\n<td width=\"80\">24.05.2026<\/td>\n<td width=\"168\">Hutovo Blato &#8211; Tjentiste<\/td>\n<td width=\"99\">Tjentiste<\/td>\n<td style=\"text-align: center;\" width=\"59\">130<\/td>\n<td style=\"text-align: center;\" width=\"63\">2.5<\/td>\n<\/tr>\n<tr>\n<td width=\"80\">25.05.2026<\/td>\n<td width=\"168\">Tjentiste &#8211; Gora\u017ede<\/td>\n<td width=\"99\">Gora\u017ede<\/td>\n<td style=\"text-align: center;\" width=\"59\">60<\/td>\n<td style=\"text-align: center;\" width=\"63\">1<\/td>\n<\/tr>\n<tr>\n<td width=\"80\">26.05.2026<\/td>\n<td width=\"168\">Gora\u017ede- Srebrenica<\/td>\n<td width=\"99\">Srebrenica<\/td>\n<td style=\"text-align: center;\" width=\"59\">170<\/td>\n<td style=\"text-align: center;\" width=\"63\">3<\/td>\n<\/tr>\n<tr>\n<td width=\"80\">27.05.2026<\/td>\n<td width=\"168\">Srebrenica &#8211; Potocari<\/td>\n<td width=\"99\">Srebrenica<\/td>\n<td style=\"text-align: center;\" width=\"59\">20<\/td>\n<td style=\"text-align: center;\" width=\"63\">0.5<\/td>\n<\/tr>\n<tr>\n<td width=\"80\">28.05.2026<\/td>\n<td width=\"168\">Srebrenica &#8211; Sarajevo<\/td>\n<td width=\"99\">Sarajevo<\/td>\n<td style=\"text-align: center;\" width=\"59\">140<\/td>\n<td style=\"text-align: center;\" width=\"63\">2.5<\/td>\n<\/tr>\n<tr>\n<td width=\"80\">29.05.2026<\/td>\n<td width=\"168\">Sarajevo &#8211; Zenica<\/td>\n<td width=\"99\">Sarajevo<\/td>\n<td style=\"text-align: center;\" width=\"59\">(150)<\/td>\n<td style=\"text-align: center;\" width=\"63\">2.5<\/td>\n<\/tr>\n<tr>\n<td width=\"80\">30.05.2026<\/td>\n<td width=\"168\">Sarajevo<\/td>\n<td width=\"99\">Sarajevo<\/td>\n<td style=\"text-align: center;\" width=\"59\">\u00a0<\/td>\n<td style=\"text-align: center;\" width=\"63\">0.5<\/td>\n<\/tr>\n<tr>\n<td width=\"80\">31.05.2026<\/td>\n<td width=\"168\">Sarajevo &#8211; Z\u00fcrich<\/td>\n<td width=\"99\">Flug<\/td>\n<td style=\"text-align: center;\" width=\"59\">\u00a0<\/td>\n<td style=\"text-align: center;\" width=\"63\">2<\/td>\n<\/tr>\n<\/tbody>\n<\/table>\n<p><strong>Reiseleitung<\/strong><\/p>\n<p>Die Reise wird von Maja H\u00fcrlimann und Namir Pori\u0107 geleitet. Maja hat von 1997 bis Ende 1999 von Biha\u0107 aus das Wiederaufbauprogramm von Caritas Schweiz in Nordbosnien geleitet und war danach bis 2004 f\u00fcr das Bosnienprogramm von der Schweiz aus verantwortlich. Namir war lokaler Mitarbeiter und ab 2000 Leiter des B\u00fcros von Caritas in Biha\u0107. Seither hat er f\u00fcr weitere Organisationen vor allem in der Region von Srebrenica gearbeitet. Mit seinem Sohn Ismar Pori\u0107 hat er das \u00abHaus der Guten T\u00f6ne\u00bb in Srebrenica aufgebaut. Namir spricht perfekt Deutsch.<\/p>\n<p><strong>Preise und Leistungen<\/strong><\/p>\n<p>Im Preis von 3&#8217;500 CHF (bei 15 Teilnehmenden) sind folgende Kosten <strong>inbegriffen<\/strong>:<\/p>\n<ul>\n<li>Vorbereitungstreffen (ohne individuelle Anreise)<\/li>\n<li>Reisedokumentation (am Vorbereitungstreffen)<\/li>\n<li>Hinreise per Zug und R\u00fcckflug<\/li>\n<li>Reisekosten im Land (Reisecar)<\/li>\n<li>alle Mahlzeiten und alkoholfreien Getr\u00e4nke<\/li>\n<li>Unterkunft (in Mittelklasshotels) im Doppelzimmer<\/li>\n<li>alle Eintritte und lokale F\u00fchrungen<\/li>\n<li>Beitrag von 300 CHF f\u00fcr die besuchten Organisationen<\/li>\n<li>Reiseleitung<\/li>\n<\/ul>\n<p><strong>Nicht inbegriffen<\/strong> sind<\/p>\n<ul>\n<li>individuelle An- und R\u00fcckreise in der Schweiz<\/li>\n<li>individuelle Auslagen und alkoholische Getr\u00e4nke<\/li>\n<li>Einzelzimmerzuschlag (300 CHF)<\/li>\n<li>Annullationskostenversicherung sowie Reiseversicherungen<\/li>\n<\/ul>\n<p><strong>Reiseformalit\u00e4ten<\/strong><\/p>\n<p>Schweizer B\u00fcrgerinnen und B\u00fcrger ben\u00f6tigen einen g\u00fcltigen Pass oder Identit\u00e4tsausweis.<\/p>\n<p><strong>Anmeldung\/Zahlung<\/strong><\/p>\n<p>Um die Reise rechtzeitig planen zu k\u00f6nnen, bitten wir Euch sobald als m\u00f6glich um eine<strong> provisorische Voranmeldung<\/strong>.<\/p>\n<p>Eure <strong>schriftliche<\/strong> <strong>Anmeldung mit einer Anzahlung <\/strong>von 1&#8217;000 CHF brauchen wir bis zum 15. Februar 2026. (Gerne k\u00f6nnt Ihr mit der Anmeldung auch die gesamte Zahlung machen.)<\/p>\n<p>Die <strong>Schlusszahlung<\/strong> bitten wir Euch, bis zum 31. M\u00e4rz zu machen.<\/p>\n<p>(Die Kontoangaben geben wir Euch nach Voranmeldung bekannt.)<\/p>\n<p><strong>Annullationskosten<\/strong><\/p>\n<p>90 \u2013 61 Tage vor Abreise:\u00a0\u00a0\u00a0\u00a0\u00a0\u00a0\u00a0\u00a0\u00a0\u00a0\u00a0\u00a0 1&#8217;000 CHF<br \/>60 \u2013 31 Tage vor Abreise:\u00a0\u00a0\u00a0\u00a0\u00a0\u00a0\u00a0\u00a0\u00a0\u00a0\u00a0\u00a0 50% der Reisekosten<br \/>30 \u2013 21 Tage vor Abreise:\u00a0\u00a0\u00a0\u00a0\u00a0\u00a0\u00a0\u00a0\u00a0\u00a0\u00a0\u00a0 65% der Reisekosten<br \/>20 \u2013 10 Tage vor Abreise:\u00a0\u00a0\u00a0\u00a0\u00a0\u00a0\u00a0\u00a0\u00a0\u00a0\u00a0\u00a0 80% der Reisekosten<br \/>9 \u2013\u00a0\u00a0 1 Tage vor Abreise:\u00a0\u00a0\u00a0\u00a0\u00a0\u00a0\u00a0\u00a0\u00a0\u00a0\u00a0\u00a0 90% der Reisekosten<br \/>Ab dem ersten Reisetag m\u00fcssen wir die gesamten Kosten verrechnen<\/p>\n<p><strong>Vorbehalte<\/strong><\/p>\n<p>Wir behalten uns vor, in zwingenden, begr\u00fcndeten F\u00e4llen die Reise ohne Kostenfolgen f\u00fcr die Angemeldeten und ohne Verpflichtungen diesen gegen\u00fcber zu annullieren.<\/p>\n<p>Bei Auftreten von politischen Unruhen wird aufgrund der Empfehlungen des EDA entschieden, ob die Reise durchgef\u00fchrt werden kann (Informationen auf: <a href=\"http:\/\/www.eda.admin.ch\/reisehinweise\">www.eda.admin.ch\/reisehinweise<\/a> )<\/p>\n<p><strong>Haftung<\/strong><\/p>\n<p>Wir garantieren die sorgf\u00e4ltige Planung und Durchf\u00fchrung des Programms, behalten uns jedoch kleinere \u00c4nderungen vor, falls ein Programmpunkt nicht wie geplant durchgef\u00fchrt werden kann.<\/p>\n\n\n<p><\/p>\n","protected":false},"excerpt":{"rendered":"<p>Ein Einblick: unsere Reiseroute Ein \u00dcberblick: Reiseroute und Reisezeiten Datum Strecke \u00dcbernachtung Distanz (km) Fahrzeit (h) 18.05.2026 Z\u00fcrich &#8211; Zagreb Nachtzug \u00a0 15.5 19.05.2026 Zagreb &#8211; Plitivice Plitvice 140 2.5 20.05.2026 Plitvice &#8211; Biha\u0107 Biha\u0107 40 1 21.05.2026 Biha\u0107- Mostar Mostar 300 6 22.05.2026 Mostar Mostar \u00a0 1 23.05.2026 Mostar &#8211; Hutovo Blato Hutovo Blato &hellip; <a href=\"https:\/\/ratbar.ch\/?page_id=48\" class=\"more-link\"><span class=\"screen-reader-text\">Rund um die Reise nach Bosnien-Herzegowina<\/span> weiterlesen<\/a><\/p>\n","protected":false},"author":1,"featured_media":0,"parent":0,"menu_order":0,"comment_status":"closed","ping_status":"closed","template":"","meta":{"footnotes":""},"class_list":["post-48","page","type-page","status-publish","hentry"],"_links":{"self":[{"href":"https:\/\/ratbar.ch\/index.php?rest_route=\/wp\/v2\/pages\/48","targetHints":{"allow":["GET"]}}],"collection":[{"href":"https:\/\/ratbar.ch\/index.php?rest_route=\/wp\/v2\/pages"}],"about":[{"href":"https:\/\/ratbar.ch\/index.php?rest_route=\/wp\/v2\/types\/page"}],"author":[{"embeddable":true,"href":"https:\/\/ratbar.ch\/index.php?rest_route=\/wp\/v2\/users\/1"}],"replies":[{"embeddable":true,"href":"https:\/\/ratbar.ch\/index.php?rest_route=%2Fwp%2Fv2%2Fcomments&post=48"}],"version-history":[{"count":24,"href":"https:\/\/ratbar.ch\/index.php?rest_route=\/wp\/v2\/pages\/48\/revisions"}],"predecessor-version":[{"id":302,"href":"https:\/\/ratbar.ch\/index.php?rest_route=\/wp\/v2\/pages\/48\/revisions\/302"}],"wp:attachment":[{"href":"https:\/\/ratbar.ch\/index.php?rest_route=%2Fwp%2Fv2%2Fmedia&parent=48"}],"curies":[{"name":"wp","href":"https:\/\/api.w.org\/{rel}","templated":true}]}}