{"id":231,"date":"2025-11-09T14:12:42","date_gmt":"2025-11-09T13:12:42","guid":{"rendered":"https:\/\/ratbar.ch\/?page_id=231"},"modified":"2026-01-20T09:58:33","modified_gmt":"2026-01-20T08:58:33","slug":"reise-nach-armenien","status":"publish","type":"page","link":"https:\/\/ratbar.ch\/?page_id=231","title":{"rendered":"Reise nach Armenien vom 26.09 &#8211; 11.10. 2026"},"content":{"rendered":"\n<p>Armenien gilt als das \u00e4lteste christliche Land der Welt. Schon im Jahr 301 machte es das Christentum zur Staatsreligion. Die arme\u00adnisch-apostolische Kirche und die Lage an der Seidenstrasse zwi\u00adschen Ost und West pr\u00e4gte das Land und pr\u00e4gt seine Kultur bis heute. Es befand sich unter der Herrschaft des Perserreiches, des ottomanischen Reiches und Russlands der Zaren. 1921 wurde es ein Teil der Sowjetunion bis zu seiner Unabh\u00e4ngigkeit 1991. Trau\u00adrige Ber\u00fchmtheit erlangte Armenien durch den grausamen Geno\u00adzid an mehr als einer Million Armenier:innen w\u00e4hrend des ersten Weltkriegs durch die T\u00fcrkei und die Besetzung Nagorno Karabachs durch Aserbaidschan 2023. Die Vertreibung der mehrheitlich ar\u00adme\u00adnischen Bev\u00f6lkerung hat das Trauma der Jahrtausende an\u00addau\u00adern\u00adden Verfolgung erneut aktiviert.<\/p>\n\n\n\n<figure class=\"wp-block-image size-large is-resized\"><img loading=\"lazy\" decoding=\"async\" width=\"1024\" height=\"922\" src=\"https:\/\/ratbar.ch\/wp-content\/uploads\/2025\/11\/image-8-1024x922.png\" alt=\"\" class=\"wp-image-265\" style=\"width:309px;height:auto\" srcset=\"https:\/\/ratbar.ch\/wp-content\/uploads\/2025\/11\/image-8-1024x922.png 1024w, https:\/\/ratbar.ch\/wp-content\/uploads\/2025\/11\/image-8-300x270.png 300w, https:\/\/ratbar.ch\/wp-content\/uploads\/2025\/11\/image-8-768x691.png 768w, https:\/\/ratbar.ch\/wp-content\/uploads\/2025\/11\/image-8-1536x1383.png 1536w, https:\/\/ratbar.ch\/wp-content\/uploads\/2025\/11\/image-8.png 1776w\" sizes=\"auto, (max-width: 1024px) 100vw, 1024px\" \/><\/figure>\n\n\n\n<p>Wer das Land mit seiner herzlichen Gastfreundschaft, wunder\u00adsch\u00f6\u00adnen Berglandschaften, gr\u00fcnen H\u00fcgeln und vertr\u00e4umten D\u00f6r\u00adfern sowie den unz\u00e4hligen Zeugnissen jahrtausendealter Kultur besucht, schliesst es in sein Herz.&nbsp;<\/p>\n\n\n\n<p>Auf dieser Reise durch Armenien erhalten wir Einblicke in eine sehr alte Kultur, in Traditionen, in unterschiedliche Bauweisen und Architektur und kulinarische Spezialit\u00e4ten Wir werden Menschen begegnen und uns mit ihnen \u00fcber Themen austauschen, die sie betreffen und uns bewegen. Ein besonderes Augenmerk legen wir auf die Projektpartner:innen (und deren Berufsschulen) des  landwirtschaftlichen Bildungsprojektes, in welchem Monique arbeitete. Wir nehmen uns auch Zeit, in die wundersch\u00f6ne Natur einzutauchen und die viel\u00adf\u00e4ltige Kultur dieses Landes zu erkunden.<\/p>\n\n\n\n<figure class=\"wp-block-image size-full is-resized\"><img loading=\"lazy\" decoding=\"async\" width=\"802\" height=\"871\" src=\"https:\/\/ratbar.ch\/wp-content\/uploads\/2025\/11\/image.png\" alt=\"\" class=\"wp-image-232\" style=\"width:325px;height:auto\" srcset=\"https:\/\/ratbar.ch\/wp-content\/uploads\/2025\/11\/image.png 802w, https:\/\/ratbar.ch\/wp-content\/uploads\/2025\/11\/image-276x300.png 276w, https:\/\/ratbar.ch\/wp-content\/uploads\/2025\/11\/image-768x834.png 768w\" sizes=\"auto, (max-width: 802px) 100vw, 802px\" \/><\/figure>\n\n\n\n<p><strong>Im Detail: Reisebeschreibung<\/strong><\/p>\n\n\n\n<p><strong>Samstag:<\/strong> Der Samstag ist Reisetag. Je nach Verbindungen werden wir mit dem Abendflug ab Z\u00fcrich (mit Zwischenstopp), oder ab Mailand Malpensa, das wir per Bahn er\u00adreichen,&nbsp; nach <strong>Yerevan <\/strong>reisen<strong>, <\/strong>wo wir in der Nacht ankommen und ins Hotel fahren<strong>.<\/strong><\/p>\n\n\n\n<p><strong>Sonntag:<\/strong> Nach einer kurzen Nacht und einem sp\u00e4ten Morgenessen erkunden wir die Stadt <strong>Yerevan<\/strong> und blicken von der <strong>Cascade<\/strong> auf den <strong>Ararat<\/strong>.<\/p>\n\n\n\n<figure class=\"wp-block-image size-full\"><img loading=\"lazy\" decoding=\"async\" width=\"793\" height=\"262\" src=\"https:\/\/ratbar.ch\/wp-content\/uploads\/2025\/11\/image-5.png\" alt=\"\" class=\"wp-image-242\" srcset=\"https:\/\/ratbar.ch\/wp-content\/uploads\/2025\/11\/image-5.png 793w, https:\/\/ratbar.ch\/wp-content\/uploads\/2025\/11\/image-5-300x99.png 300w, https:\/\/ratbar.ch\/wp-content\/uploads\/2025\/11\/image-5-768x254.png 768w\" sizes=\"auto, (max-width: 793px) 100vw, 793px\" \/><\/figure>\n\n\n\n<p><strong>Montag<\/strong>: Am n\u00e4chsten Tag machen wir einen Ausflug nach <strong>Garni<\/strong> zum impo\u00adsan\u00adten griechischen Tempel und zum H\u00f6hlenkloster <strong>Geghard <\/strong>aus dem 4. Jahr\u00adhundert. Wir geniessen die landestypischen <strong>Lavash<\/strong>-Fladenbrote, gef\u00fcllt mit frischen Kr\u00e4utern aus der Region. Wir \u00fcbernachten noch einmal in <strong>Yerevan<\/strong>.<\/p>\n\n\n\n<figure class=\"wp-block-image size-full is-resized\"><img loading=\"lazy\" decoding=\"async\" width=\"792\" height=\"268\" src=\"https:\/\/ratbar.ch\/wp-content\/uploads\/2025\/11\/image-6.png\" alt=\"\" class=\"wp-image-243\" style=\"width:840px;height:auto\" srcset=\"https:\/\/ratbar.ch\/wp-content\/uploads\/2025\/11\/image-6.png 792w, https:\/\/ratbar.ch\/wp-content\/uploads\/2025\/11\/image-6-300x102.png 300w, https:\/\/ratbar.ch\/wp-content\/uploads\/2025\/11\/image-6-768x260.png 768w\" sizes=\"auto, (max-width: 792px) 100vw, 792px\" \/><\/figure>\n\n\n\n<p><strong>Dienstag<\/strong>: Auf der Fahrt in den S\u00fcden be\u00adsu\u00adchen wir das Kloster<strong> Khor Virap<\/strong>, welches als die Urzelle der \u00fcber 1\u2019700-j\u00e4hrigen armenisch-apo\u00adsto\u00adlischen Kirche gilt. Weiter fahren wir \u00fcber einen ersten Pass in die Weinregion <strong>Vayots Dzor<\/strong>. Dort besuchen wir die H\u00f6hle <strong>Areni-1<\/strong>, wo dank arch\u00e4o\u00adlogischer Funde die Weinherstellung vor fast 6\u2019000 Jahren nachgewiesen wurde. Weinverkostung im Cave. Die Reise geht weiter zum in einer engen Schlucht versteckt liegenden <strong>Kloster Norawank. &nbsp;<\/strong>Auf dem Weg weiter in den S\u00fcden \u00fcberqueren wir den <strong>Vorotan Pass<\/strong> (2\u2019344 m\u00fcM). Auf der dahinter liegenden Hochebene wird Viehzucht betrieben und Weizen angebaut. \u00dcbernachtung in Goris.<\/p>\n\n\n\n<figure class=\"wp-block-image size-full\"><img loading=\"lazy\" decoding=\"async\" width=\"303\" height=\"398\" src=\"https:\/\/ratbar.ch\/wp-content\/uploads\/2025\/11\/image-7.png\" alt=\"\" class=\"wp-image-244\" srcset=\"https:\/\/ratbar.ch\/wp-content\/uploads\/2025\/11\/image-7.png 303w, https:\/\/ratbar.ch\/wp-content\/uploads\/2025\/11\/image-7-228x300.png 228w\" sizes=\"auto, (max-width: 303px) 100vw, 303px\" \/><\/figure>\n\n\n\n<p><strong>Mittwoch:<\/strong> <strong>Goris<\/strong> ist die kulturelle Hauptstadt der Region. Die H\u00e4user sind in der f\u00fcr Goris typischen Steinbauweise gebaut. Im kleinen arch\u00e4ologischen Museum&nbsp; erfahren wir mehr \u00fcber die die jahrtausendealte Kultur der Region. Danach fahren wir ins nahe Khndzoresk, ein bis vor 60 Jahren bewohntes und in einem felsigen Tal gelegenen H\u00f6hlendorf, das wir \u00fcber Treppen und eine H\u00e4ngebr\u00fccke erreichen. Am Nachmittag erhalten wir eine F\u00fchrung durch eine \u00fcber 100 Jahre alte <strong>K\u00e4serei<\/strong>, in welcher wir verschiedene armenischen K\u00e4se degustieren werden. Zur\u00fcck in Goris genies\u00adsen wir am Abend eine typische Sauerampfersuppe (Aveluk).<\/p>\n\n\n\n<p><strong>Donnerstag:<\/strong> Die Seilbahnfahrt zum <strong>Tatev Kloster<\/strong> zeigt einen atem\u00adberau\u00adben\u00adden Blick in die Schlucht des <strong>Vorotan<\/strong>. Das Kloster baute \u00fcber Jahrhunde eine reich\u00adhaltige Bibliothek der armenischen Kirche auf. Das Kloster wurde zu Beginn der Sowjetunion geschlossen. Heute wird seine Kirche wieder genutzt. An den Markt\u00adst\u00e4nden verkaufen die Dorf\u00adfrauen ihre feine <strong>Gatas<\/strong> (\u00e4hnlich der B\u00fcndner Nusstorte), <strong>Sudjukh<\/strong> (auf einen Faden aufgezogene Baumn\u00fcsse umh\u00fcllt mit Traubengelee), ge\u00adtrocknete Fr\u00fcchte und Tee\u00adkr\u00e4uter.\u00a0 In <strong>Sisian<\/strong> besuchen wir anschliessend einen klei\u00adnen Praktikumsbetrieb der hiesigen Berufsschule sowie eine Genossenschaft, die sich intensiv mit Pflanzen\u00adzucht besch\u00e4ftigt. Sie sind Teil des Projektes, das den land\u00adwirtschaftlichen Sektor st\u00e4rkt, indem eine duale Ausbildung nach Schweizer Vorbild f\u00fcr Land\u00adwirt:innen auf\u00adgebaut wird. Vorbei an <strong>Zorats Karer<\/strong> (dem \u2018arme\u00adni\u00adschen Stonehenge\u2019) fahren wir zur\u00fcck in die Weinregion. Wir besuchen eine Wein\u00adbauernfamilie und lassen uns den ausgezeichneten armenischen Wein munden. \u00dcber\u00adnachtung im Hotel Arevi im abgelegenen Yeghegis Tal, wo schon B\u00e4ren vor dem Hotel gesichtet wurden.<\/p>\n\n\n\n<figure class=\"wp-block-image size-full\"><img loading=\"lazy\" decoding=\"async\" width=\"724\" height=\"273\" src=\"https:\/\/ratbar.ch\/wp-content\/uploads\/2025\/11\/image-4.png\" alt=\"\" class=\"wp-image-236\" srcset=\"https:\/\/ratbar.ch\/wp-content\/uploads\/2025\/11\/image-4.png 724w, https:\/\/ratbar.ch\/wp-content\/uploads\/2025\/11\/image-4-300x113.png 300w\" sizes=\"auto, (max-width: 724px) 100vw, 724px\" \/><\/figure>\n\n\n\n<p><strong>Freitag<\/strong>: Im <strong>Yeghegis Tal<\/strong> finden wir einen alten j\u00fcdischen Friedhof und be\u00adwun\u00addern nach einer kleinen Wanderung* auf einen H\u00fcgelvorsprung diese urspr\u00fcng\u00adliche Region mit ihren Flussoasen.<br>*Fahrt ins Dorf Artabuynq, Wanderung zur Smbataberd Festung und weiter Richtung Yeghegis, ca 3St.<\/p>\n\n\n\n<p><strong>Samstag: <\/strong>Wir fahren weiter entlang der alten Seidenstrasse undvorbei an einer Karawanserei aus dem 14. Jahrhundert \u00fcber den <strong>Selim\u00adpass<\/strong> (2\u2019500 m\u00fcM). Schliesslich erreichen wir den <strong>Sevansee<\/strong>. Wir machen Halt beim Friedhof von <strong>Noratus<\/strong>, mit seinen kunstvoll behauenen <strong>Khachkar<\/strong> (Ged\u00e4cht\u00adnis\u00adstei\u00adnen). In <strong>Gavar<\/strong> besuchen wir eine kleine Fabrik, die die typischen <strong>Arishta<\/strong> Nudeln herstellt. Am sp\u00e4ten Nachmittag erreichen wir <strong>Dilijan<\/strong>, wo wir zweimal \u00fcbernachten.<\/p>\n\n\n\n<p><strong>Sonntag: <\/strong>Auf einer abgelegenen Alp in den Bergen bei <strong>Dilijan<\/strong> besuchen wir eine Angus Rinder Farm, die dem Projekt angeschlossen ist und Lehrlinge ausbildet. Von dort wandern wir je nach Fitness zum <strong>Gosh See<\/strong> oder in ein Dorf, das bis zum Zerfall der Sowjetunion \u00a0von Azerbaidschanischen Familien bewohnt wurde.<\/p>\n\n\n\n<p><strong>Montag<\/strong>: Von Dilijan fahren wir weiter nach Sarigyugh, wo wir von den Mitarbeiterinnen einer armenisch- schweizerischen Safranfarm bekocht werden Am Abend fahren wir durch die <strong>Debed\u00adschlucht<\/strong> und besuchen die eindr\u00fccklichen Kloster\u00adruinen im Dorf <strong>Haghpat<\/strong> \u00fcber der Schlucht, wo wir \u00fcbernachten.<\/p>\n\n\n\n<figure class=\"wp-block-image size-full\"><img loading=\"lazy\" decoding=\"async\" width=\"680\" height=\"369\" src=\"https:\/\/ratbar.ch\/wp-content\/uploads\/2025\/11\/image-3.png\" alt=\"\" class=\"wp-image-235\" srcset=\"https:\/\/ratbar.ch\/wp-content\/uploads\/2025\/11\/image-3.png 680w, https:\/\/ratbar.ch\/wp-content\/uploads\/2025\/11\/image-3-300x163.png 300w\" sizes=\"auto, (max-width: 680px) 100vw, 680px\" \/><\/figure>\n\n\n\n<p><strong>Dienstag:<\/strong> Von der <strong>Debedschlucht<\/strong> geht es steil hinauf, an <strong>Jaghdan <\/strong>vorbei<strong>,<\/strong> einem ehemals von Griechen bewohnten Dorf, und dann Richtung <strong>Tashir<\/strong> zu einem Milchbauern, der im Rahmen des HEKS-Programmes ebenfalls Lehrlinge ausbildet und uns seinen Betrieb vorstellt. Weiterfahrt Richtung <strong>Metsavan <\/strong>an der georgischen Grenze, wo wir nach einem Spaziergang und Nachtessen im Dorf bei Gastfamilien \u00fcbernachten. Das Dorf hat viele Fl\u00fcchtlinge aus Berg-Karabach aufgenommen.<\/p>\n\n\n\n<p><strong>Mittwoch:<\/strong> In der landwirtschaftlichen Berufsschule <strong>Stepanavan<\/strong> wird uns Monique die armenische Ausgestaltung der dualen Bildung er\u00f6rtern, welche in einem Projekt der HEKS in Armenien eingef\u00fchrt wird. Wir \u00fcbernachten in <strong>Stepanavan<\/strong> oder <strong>Gyulagarak<\/strong>.<\/p>\n\n\n\n<p><strong>Donnerstag:<\/strong> Auf dem R\u00fcckweg von <strong>Stepanavan<\/strong> erreichen wir <strong>Spitak<\/strong>, das im verheerenden Erdbeben von 1988 fast g\u00e4nzlich zerst\u00f6rt wurde und zwischen 25 \u2013 50&#8217;000 Menschen umkamen. Wir besuchen das Denkmal im wiederaufgebauten Zentrum. Danach fahren wir \u00fcber den 2\u2019152 Meter hoch liegenden<strong> Pamb<\/strong> Pass, entlang dem h\u00f6chsten Berg von Armenien, <strong>Aragats<\/strong> (4\u2019092 m\u00fcM), zur\u00fcck nach Yerevan. Auf dem Weg machen wir bei einem Tempel der <strong>Yesiden<\/strong> in <strong>Rya Taza<\/strong> halt. Zur\u00fcck in Yerevan lassen wir bei einem guten Nachtessen unsere Reise ausklingen.<\/p>\n\n\n\n<p><strong>Freitag:<\/strong> In <strong>Yerevan<\/strong> treffen wir uns mit der NGO <strong>Media-Initiative<\/strong>, welche eine sorgf\u00e4ltige Berichterstattung in der Journalismusausbilung f\u00f6rdert. Anschliessend besuchen wir das Museum und die Gedenkst\u00e4tte, welche an den grausamen Genozid von 1915 &#8211; 1916 erinnern. Am Abend werden wir je nach Angebot ein Konzert oder eine Tanzauff\u00fchrung besuchen. Wer will, kann die ganze Nacht in dieser lebendigen Stadt tanzen.<\/p>\n\n\n\n<figure class=\"wp-block-image size-full\"><img loading=\"lazy\" decoding=\"async\" width=\"324\" height=\"242\" src=\"https:\/\/ratbar.ch\/wp-content\/uploads\/2025\/11\/image-2.png\" alt=\"\" class=\"wp-image-234\" srcset=\"https:\/\/ratbar.ch\/wp-content\/uploads\/2025\/11\/image-2.png 324w, https:\/\/ratbar.ch\/wp-content\/uploads\/2025\/11\/image-2-300x224.png 300w\" sizes=\"auto, (max-width: 324px) 100vw, 324px\" \/><\/figure>\n\n\n\n<p><strong>Samstag:<\/strong> Freier Tag in <strong>Yerevan<\/strong>. M\u00f6glichkeit f\u00fcr den individuellen Besuch von Sehensw\u00fcrdigkeiten der Stadt: M\u00e4rkte (Gum, Vernissage), Mirzoyan Library, Museen (z.B. historisches, Parajanov, Saryan, Tumanyan, Brandy etc.). Ein letztes gemeinsames Nacht\u00adessen entsch\u00e4digt uns f\u00fcr die folgende kurze Nacht.<\/p>\n\n\n\n<p><strong>Sonntag:<\/strong> Wir m\u00fcssen mitten in der Nacht aufstehen (ca. 2 Uhr), um die R\u00fcck\u00adreise in die Schweiz anzutreten. Ankunft zu Hause gegen Mittag (Zeit\u00adver\u00adschie\u00adbung 2&nbsp;Stunden).<\/p>\n\n\n\n<p><strong>Reiseleitung<\/strong><\/p>\n\n\n\n<figure class=\"wp-block-image size-full\"><img loading=\"lazy\" decoding=\"async\" width=\"250\" height=\"413\" src=\"https:\/\/ratbar.ch\/wp-content\/uploads\/2025\/11\/image-1.png\" alt=\"\" class=\"wp-image-233\" srcset=\"https:\/\/ratbar.ch\/wp-content\/uploads\/2025\/11\/image-1.png 250w, https:\/\/ratbar.ch\/wp-content\/uploads\/2025\/11\/image-1-182x300.png 182w\" sizes=\"auto, (max-width: 250px) 100vw, 250px\" \/><\/figure>\n\n\n\n<p>Die Reise wird von Monique Frey und Aelita Chobanyan geleitet. Monique arbeitete seit Anfang 2023 bis August 2025 f\u00fcr das besuchte landwirt\u00adschaftliche Ausbildungsprojekt in Armenien. Sie hat das Land im Rahmen ihrer Besuche von Berufsschulen, K\u00e4sereien und Bauern\u00adbetrieben und auch privat bereist. Dabei hat sie sich intensiv mit der Geschichte und mit dem&nbsp; Land auseinandergesetzt.<\/p>\n\n\n\n<p>Aelita, im Norden von Armenien geboren, f\u00fchrt seit geraumer Zeit das auf individuell zugeschnittene Touren spezialisierte Reiseb\u00fcro Rubentours. Sie ist unsere Begleiterin und \u00dcbersetzerin.<\/p>\n\n\n\n<p><strong>Preise und Leistungen<\/strong><\/p>\n\n\n\n<p>Der Preis von 3&#8217;900 CHF bei 16 Teilnehmenden (bei weniger Teilnehmenden m\u00fcssen wir den Preis entsprechend anpassen) deckt folgende Kosten:<\/p>\n\n\n\n<ul class=\"wp-block-list\">\n<li>Vorbereitungstreffen (ohne individuelle Anreise)<\/li>\n\n\n\n<li>Reisedokumentation (am Vorbereitungstreffen)<\/li>\n\n\n\n<li>Hin- und R\u00fcckreise ab Z\u00fcrich<\/li>\n\n\n\n<li>Reisekosten im Land (Reisebus)<\/li>\n\n\n\n<li>alle Mahlzeiten und alkoholfreie Getr\u00e4nke<\/li>\n\n\n\n<li>Unterkunft im Doppelzimmer (in Mittelklassehotels)<\/li>\n\n\n\n<li>alle Eintritte, lokale F\u00fchrungen und Degustationen<\/li>\n\n\n\n<li>Beitrag von 300 CHF f\u00fcr die besuchten Organisationen<\/li>\n\n\n\n<li>Deutschsprachige professionelle Reiseleitung<\/li>\n<\/ul>\n\n\n\n<p><strong>Nicht inbegriffen<\/strong> sind<\/p>\n\n\n\n<ul class=\"wp-block-list\">\n<li>individuelle An- und R\u00fcckreise zum Abreiseort in der Schweiz<\/li>\n\n\n\n<li>abweichende An- und\/oder R\u00fcckreise: Bei Bedarf organisieren wir diese gerne f\u00fcr Euch<\/li>\n\n\n\n<li>individuelle Auslagen und alkoholische Getr\u00e4nke<\/li>\n\n\n\n<li>Einzelzimmerzuschlag (300 CHF)<\/li>\n\n\n\n<li>Annullationskostenversicherung sowie Reiseversicherungen<\/li>\n<\/ul>\n\n\n\n<p><strong>Reiseformalit\u00e4ten<\/strong><\/p>\n\n\n\n<p>B\u00fcrger:innen der Schweiz und der Europ\u00e4ischen Union ben\u00f6tigen einen g\u00fcltigen Pass. Andere erkundigen sich bitte bei den entsprechenden konsularischen Ver\u00adtre\u00adtungen.<\/p>\n\n\n\n<p><strong>Anmeldung\/Zahlung<\/strong><\/p>\n\n\n\n<p>Um entscheiden zu k\u00f6nnen, ob die Reise im September 2026 stattfinden kann, bitten wir Euch um <strong>provisorische Anmeldung bis Ende Mai 2026<\/strong>. Um die Reservationen be\u00adst\u00e4\u00adtigen zu k\u00f6nnen, brauchen wir Eure schriftlichen, definitiven Anmeldungen mit einer Anzahlung von 1&#8217;000 CHF pro Person bis zum 28. Juni 2026.<\/p>\n\n\n\n<p><strong>Annullationskosten<\/strong><\/p>\n\n\n\n<p>60 \u2013 31 Tage vor Abreise:&nbsp;&nbsp;&nbsp;&nbsp;&nbsp;&nbsp;&nbsp;&nbsp;&nbsp;&nbsp;&nbsp;&nbsp; 1&#8217;000 CHF<\/p>\n\n\n\n<p>30 \u2013 20 Tage vor Abreise:&nbsp;&nbsp;&nbsp;&nbsp;&nbsp;&nbsp;&nbsp;&nbsp;&nbsp;&nbsp;&nbsp;&nbsp; 65% der Reisekosten<\/p>\n\n\n\n<p>19 \u2013 10 Tage vor Abreise:&nbsp;&nbsp;&nbsp;&nbsp;&nbsp;&nbsp;&nbsp;&nbsp;&nbsp;&nbsp;&nbsp;&nbsp; 80% der Reisekosten<\/p>\n\n\n\n<p>9 \u2013 1 Tag vor Abreise:&nbsp;&nbsp;&nbsp;&nbsp;&nbsp;&nbsp;&nbsp;&nbsp;&nbsp;&nbsp;&nbsp;&nbsp;&nbsp;&nbsp;&nbsp;&nbsp;&nbsp;&nbsp;&nbsp; 90% der Reisekosten<\/p>\n\n\n\n<p>Ab dem ersten Reisetag m\u00fcssen wir die gesamten Kosten verrechnen<\/p>\n\n\n\n<p>Wir behalten uns vor, in zwingenden, begr\u00fcndeten F\u00e4llen die Reise ohne Kosten\u00adfol\u00adgen f\u00fcr die Angemeldeten und ohne Verpflichtungen diesen gegen\u00fcber zu annul\u00adlieren.<\/p>\n\n\n\n<p>Bei Auftreten von politischen Unruhen wird aufgrund der Empfehlungen des EDA entschieden, ob die Reise durchgef\u00fchrt werden kann (Informationen auf folgender Website: <a href=\"https:\/\/www.eda.admin.ch\/eda\/de\/home\/vertretungen-und-reisehinweise\/armenien\/reisehinweise-fuerarmenien.html\">https:\/\/www.eda.admin.ch\/eda\/de\/home\/vertretungen-und-reisehinweise\/armenien\/reisehinweise-fuerarmenien.html<\/a>)<\/p>\n\n\n\n<p><strong>Haftung<\/strong><\/p>\n\n\n\n<p>Wir garantieren die Durchf\u00fchrung der Reise ab 6 Teilnehmenden. Wir behalten uns jedoch kleinere \u00c4nderungen vor, falls ein Programmpunkt nicht wie angek\u00fcndigt durchgef\u00fchrt werden kann.<\/p>\n\n\n\n<p><strong>Ein \u00dcberblick: Reiseroute und Reisezeiten<\/strong><\/p>\n\n\n\n<figure class=\"wp-block-table\"><table class=\"has-fixed-layout\"><tbody><tr><td><strong>Tag<\/strong><\/td><td><strong>Route<\/strong><\/td><td><strong>km<\/strong><\/td><td><strong>Hotel<\/strong><\/td><\/tr><tr><td>Sa, 26.09.2026<\/td><td>Abreise aus der Schweiz<\/td><td>&nbsp;<\/td><td>&nbsp;<\/td><\/tr><tr><td>So, 27.09.2026<\/td><td>Ankunft Yerevan fr\u00fchmorgens<\/td><td>&nbsp;<\/td><td>Yerevan<\/td><\/tr><tr><td>Mo, 28.09.2026<\/td><td>Tagesausflug Garni\/Geghard<\/td><td>90<\/td><td>Yerevan<\/td><\/tr><tr><td>Di, 29.09.2026<\/td><td>Yerevan &#8211; Goris<\/td><td>240<\/td><td>Goris<\/td><\/tr><tr><td>Mi, 30.09.2026<\/td><td>Rund um Goris<\/td><td>40<\/td><td>Goris<\/td><\/tr><tr><td>Do, 01.10.2026<\/td><td>Goris &#8211; Yeghegis Tal<\/td><td>140<\/td><td>Yeghegis<\/td><\/tr><tr><td>Fr, 02.10.2026<\/td><td>Yeghegis Tal<\/td><td>40<\/td><td>Yeghegis<\/td><\/tr><tr><td>Sa, 03.10.2026<\/td><td>Yeghegis &#8211; Dilidjan<\/td><td>160<\/td><td>Dilidjan<\/td><\/tr><tr><td>So, 04.10.2026<\/td><td>In den Bergen um Dilidjan<\/td><td>40<\/td><td>Dilidjan<\/td><\/tr><tr><td>Mo, 05.10.2026<\/td><td>Dilidjan &#8211; Haghpat<\/td><td>120<\/td><td>Haghpat<\/td><\/tr><tr><td>Di, 06.10.2026<\/td><td>Haghpat &#8211; Metsavan<\/td><td>80<\/td><td>Metsavan<\/td><\/tr><tr><td>Mi, 07.10.2026<\/td><td>Metsavan &#8211; Gyulagarak<\/td><td>40<\/td><td>Gyulagarak<\/td><\/tr><tr><td>Do, 08.10.2026<\/td><td>Stepanavan &#8211; Yerevan<\/td><td>140<\/td><td>Yerevan<\/td><\/tr><tr><td>Fr, 09.10.2026<\/td><td>Yerevan<\/td><td>&nbsp;<\/td><td>Yerevan<\/td><\/tr><tr><td>Sa, 10.10.2026<\/td><td>Yerevan, Abreise mitten in der Nacht<\/td><td>&nbsp;<\/td><td>Yerevan<\/td><\/tr><tr><td>So, 11.10.2026<\/td><td>Ankunft in der Schweiz<\/td><td>&nbsp;<\/td><td>&nbsp;<\/td><\/tr><\/tbody><\/table><\/figure>\n","protected":false},"excerpt":{"rendered":"<p>Armenien gilt als das \u00e4lteste christliche Land der Welt. Schon im Jahr 301 machte es das Christentum zur Staatsreligion. Die arme\u00adnisch-apostolische Kirche und die Lage an der Seidenstrasse zwi\u00adschen Ost und West pr\u00e4gte das Land und pr\u00e4gt seine Kultur bis heute. Es befand sich unter der Herrschaft des Perserreiches, des ottomanischen Reiches und Russlands der &hellip; <a href=\"https:\/\/ratbar.ch\/?page_id=231\" class=\"more-link\"><span class=\"screen-reader-text\">Reise nach Armenien vom 26.09 &#8211; 11.10. 2026<\/span> weiterlesen<\/a><\/p>\n","protected":false},"author":1,"featured_media":0,"parent":0,"menu_order":0,"comment_status":"closed","ping_status":"closed","template":"","meta":{"footnotes":""},"class_list":["post-231","page","type-page","status-publish","hentry"],"_links":{"self":[{"href":"https:\/\/ratbar.ch\/index.php?rest_route=\/wp\/v2\/pages\/231","targetHints":{"allow":["GET"]}}],"collection":[{"href":"https:\/\/ratbar.ch\/index.php?rest_route=\/wp\/v2\/pages"}],"about":[{"href":"https:\/\/ratbar.ch\/index.php?rest_route=\/wp\/v2\/types\/page"}],"author":[{"embeddable":true,"href":"https:\/\/ratbar.ch\/index.php?rest_route=\/wp\/v2\/users\/1"}],"replies":[{"embeddable":true,"href":"https:\/\/ratbar.ch\/index.php?rest_route=%2Fwp%2Fv2%2Fcomments&post=231"}],"version-history":[{"count":14,"href":"https:\/\/ratbar.ch\/index.php?rest_route=\/wp\/v2\/pages\/231\/revisions"}],"predecessor-version":[{"id":321,"href":"https:\/\/ratbar.ch\/index.php?rest_route=\/wp\/v2\/pages\/231\/revisions\/321"}],"wp:attachment":[{"href":"https:\/\/ratbar.ch\/index.php?rest_route=%2Fwp%2Fv2%2Fmedia&parent=231"}],"curies":[{"name":"wp","href":"https:\/\/api.w.org\/{rel}","templated":true}]}}