{"id":22,"date":"2016-12-02T11:41:09","date_gmt":"2016-12-02T10:41:09","guid":{"rendered":"http:\/\/ratbar.ch\/?page_id=22"},"modified":"2025-11-14T11:32:53","modified_gmt":"2025-11-14T10:32:53","slug":"kontakt","status":"publish","type":"page","link":"https:\/\/ratbar.ch\/?page_id=22","title":{"rendered":"Kontakt"},"content":{"rendered":"<p>Ratbar GmbH<br \/>\nMonique Frey<br \/>\nRathausenstrasse 1<\/p>\n<p>6032 Emmen<\/p>\n<p><a href=\"mailto:postmaster@ratbar.ch\">postmaster@ratbar.ch<\/a><\/p>\n<p><img loading=\"lazy\" decoding=\"async\" class=\"alignleft wp-image-95 size-medium\" src=\"https:\/\/ratbar.ch\/wp-content\/uploads\/2016\/12\/MariaMonique-300x199.jpg\" alt=\"\" width=\"300\" height=\"199\" srcset=\"https:\/\/ratbar.ch\/wp-content\/uploads\/2016\/12\/MariaMonique-300x199.jpg 300w, https:\/\/ratbar.ch\/wp-content\/uploads\/2016\/12\/MariaMonique-768x510.jpg 768w, https:\/\/ratbar.ch\/wp-content\/uploads\/2016\/12\/MariaMonique-1024x680.jpg 1024w, https:\/\/ratbar.ch\/wp-content\/uploads\/2016\/12\/MariaMonique.jpg 1600w\" sizes=\"auto, (max-width: 300px) 100vw, 300px\" \/><\/p>\n<p><img loading=\"lazy\" decoding=\"async\" class=\"alignleft wp-image-94 size-medium\" src=\"https:\/\/ratbar.ch\/wp-content\/uploads\/2016\/12\/Maja-200x300.jpg\" alt=\"\" width=\"200\" height=\"300\" srcset=\"https:\/\/ratbar.ch\/wp-content\/uploads\/2016\/12\/Maja-200x300.jpg 200w, https:\/\/ratbar.ch\/wp-content\/uploads\/2016\/12\/Maja.jpg 213w\" sizes=\"auto, (max-width: 200px) 100vw, 200px\" \/><\/p>\n<p>&nbsp;<\/p>\n<p>&nbsp;<\/p>\n<p>&nbsp;<\/p>\n<p>&nbsp;<\/p>\n<p>&nbsp;<\/p>\n<p>&nbsp;<\/p>\n<p>Die\u00a0Reisen werden von Maria Winiger, Maja H\u00fcrlimann und Monique Frey geleitet.<\/p>\n<p>&nbsp;<\/p>\n<p>Wir sind in der internationalen Zusammenarbeit t\u00e4tig und kennen die L\u00e4nder seit Jahren aus unserem Arbeitsalltag.<\/p>\n","protected":false},"excerpt":{"rendered":"<p>Ratbar GmbH Monique Frey Rathausenstrasse 1 6032 Emmen postmaster@ratbar.ch &nbsp; &nbsp; &nbsp; &nbsp; &nbsp; &nbsp; Die\u00a0Reisen werden von Maria Winiger, Maja H\u00fcrlimann und Monique Frey geleitet. &nbsp; Wir sind in der internationalen Zusammenarbeit t\u00e4tig und kennen die L\u00e4nder seit Jahren aus unserem Arbeitsalltag.<\/p>\n","protected":false},"author":1,"featured_media":0,"parent":0,"menu_order":0,"comment_status":"closed","ping_status":"closed","template":"","meta":{"footnotes":""},"class_list":["post-22","page","type-page","status-publish","hentry"],"_links":{"self":[{"href":"https:\/\/ratbar.ch\/index.php?rest_route=\/wp\/v2\/pages\/22","targetHints":{"allow":["GET"]}}],"collection":[{"href":"https:\/\/ratbar.ch\/index.php?rest_route=\/wp\/v2\/pages"}],"about":[{"href":"https:\/\/ratbar.ch\/index.php?rest_route=\/wp\/v2\/types\/page"}],"author":[{"embeddable":true,"href":"https:\/\/ratbar.ch\/index.php?rest_route=\/wp\/v2\/users\/1"}],"replies":[{"embeddable":true,"href":"https:\/\/ratbar.ch\/index.php?rest_route=%2Fwp%2Fv2%2Fcomments&post=22"}],"version-history":[{"count":12,"href":"https:\/\/ratbar.ch\/index.php?rest_route=\/wp\/v2\/pages\/22\/revisions"}],"predecessor-version":[{"id":310,"href":"https:\/\/ratbar.ch\/index.php?rest_route=\/wp\/v2\/pages\/22\/revisions\/310"}],"wp:attachment":[{"href":"https:\/\/ratbar.ch\/index.php?rest_route=%2Fwp%2Fv2%2Fmedia&parent=22"}],"curies":[{"name":"wp","href":"https:\/\/api.w.org\/{rel}","templated":true}]}}