{"id":137,"date":"2017-09-27T22:04:35","date_gmt":"2017-09-27T20:04:35","guid":{"rendered":"http:\/\/ratbar.ch\/?page_id=137"},"modified":"2025-11-14T11:25:56","modified_gmt":"2025-11-14T10:25:56","slug":"reise-nach-indien","status":"publish","type":"page","link":"https:\/\/ratbar.ch\/?page_id=137","title":{"rendered":"Reisen nach Indien"},"content":{"rendered":"<p>F\u00fcr 2027 ist eine S\u00fcdindienreise in Planung.<\/p>\n<p>Weitere Informationen dazu folgen an dieser Stelle zu einem sp\u00e4teren Zeitpunkt. Wer per e-mail dar\u00fcber informiert werden m\u00f6chte, melde sich unter: <a class=\"x_moz-txt-link-abbreviated\" href=\"mailto:postmaster@ratbar.ch\">postmaster [@] ratbar.ch<\/a><\/p>\n","protected":false},"excerpt":{"rendered":"<p>F\u00fcr 2027 ist eine S\u00fcdindienreise in Planung. Weitere Informationen dazu folgen an dieser Stelle zu einem sp\u00e4teren Zeitpunkt. Wer per e-mail dar\u00fcber informiert werden m\u00f6chte, melde sich unter: postmaster [@] ratbar.ch<\/p>\n","protected":false},"author":1,"featured_media":0,"parent":0,"menu_order":0,"comment_status":"closed","ping_status":"closed","template":"","meta":{"footnotes":""},"class_list":["post-137","page","type-page","status-publish","hentry"],"_links":{"self":[{"href":"https:\/\/ratbar.ch\/index.php?rest_route=\/wp\/v2\/pages\/137","targetHints":{"allow":["GET"]}}],"collection":[{"href":"https:\/\/ratbar.ch\/index.php?rest_route=\/wp\/v2\/pages"}],"about":[{"href":"https:\/\/ratbar.ch\/index.php?rest_route=\/wp\/v2\/types\/page"}],"author":[{"embeddable":true,"href":"https:\/\/ratbar.ch\/index.php?rest_route=\/wp\/v2\/users\/1"}],"replies":[{"embeddable":true,"href":"https:\/\/ratbar.ch\/index.php?rest_route=%2Fwp%2Fv2%2Fcomments&post=137"}],"version-history":[{"count":10,"href":"https:\/\/ratbar.ch\/index.php?rest_route=\/wp\/v2\/pages\/137\/revisions"}],"predecessor-version":[{"id":307,"href":"https:\/\/ratbar.ch\/index.php?rest_route=\/wp\/v2\/pages\/137\/revisions\/307"}],"wp:attachment":[{"href":"https:\/\/ratbar.ch\/index.php?rest_route=%2Fwp%2Fv2%2Fmedia&parent=137"}],"curies":[{"name":"wp","href":"https:\/\/api.w.org\/{rel}","templated":true}]}}